{"id":128,"date":"2026-03-16T14:56:19","date_gmt":"2026-03-16T14:56:19","guid":{"rendered":"https:\/\/evosyslaser.com\/evosys-homepage\/"},"modified":"2026-03-20T14:04:45","modified_gmt":"2026-03-20T14:04:45","slug":"evosys-homepage","status":"publish","type":"page","link":"https:\/\/evosyslaser.com\/de\/","title":{"rendered":"Evosys Homepage"},"content":{"rendered":"<section class=\"evosys-block evosys-hero has-no-featured-post\">\n            <div\n            class=\"evosys-hero__media\"\n                    >\n            <picture>\n                                <img decoding=\"async\"\n                    src=\"https:\/\/evosyslaser.com\/wp-content\/uploads\/2026\/03\/hero-image.png\"\n                    alt=\"\"\n                    data-hero-image\n                    data-hero-desktop-alt=\"\"\n                    data-hero-mobile-alt=\"\"\n                >\n            <\/picture>\n        <\/div>\n        <div class=\"evosys-hero__overlay\"><\/div>\n    <div class=\"evosys-hero__content\">\n        <div class=\"evosys-hero__left\">\n            <h1 class=\"evosys-title evosys-hero__heading evosys-hero__heading--white\">Experten f\u00fcr Laser-Kunststoffschwei\u00dfen<\/h1>\n\n                            <a class=\"evosys-button evosys-button--hero-light evosys-hero__primary-cta\" href=\"https:\/\/www.evosys-laser.com\/laser-plastic-welding\/\" target=\"_self\">\n                    Erfahren Sie mehr \u00fcber Schwei\u00dfprozesse                <\/a>\n                    <\/div>\n\n            <\/div>\n<\/section>\n<section class=\"evosys-block evosys-section evosys-newsroom\">\n            <h2 class=\"evosys-section__title\">Newsroom<\/h2>\n    \n    <\/section>\n<section class=\"evosys-block evosys-section evosys-tabs\" data-tabs>\n            <h2 class=\"evosys-section__title\">Die richtige L\u00f6sung f\u00fcr jeden Bedarf<\/h2>\n    \n    <div class=\"evosys-tabs__layout\">\n        <div class=\"evosys-tabs__nav-column\">\n            <div class=\"evosys-tabs__mobile-select\" data-tab-mobile-select>\n                <button class=\"evosys-tabs__mobile-select-toggle\" type=\"button\" aria-haspopup=\"listbox\" aria-expanded=\"false\" data-tab-mobile-toggle>\n                    <span class=\"evosys-tabs__mobile-select-icon evosys-toggle-button is-active\" aria-hidden=\"true\">\n                        <span class=\"evosys-tabs__trigger-icon-inner evosys-tabs__trigger-icon-inner--eye\">\n                            <svg class=\"evosys-tabs__icon-svg evosys-tabs__icon-svg--eye\" viewBox=\"0 0 28 20\" fill=\"none\" xmlns=\"http:\/\/www.w3.org\/2000\/svg\" aria-hidden=\"true\"><path d=\"M1.75 10C3.89 6.26 8.29 3.75 14 3.75C19.71 3.75 24.11 6.26 26.25 10C24.11 13.74 19.71 16.25 14 16.25C8.29 16.25 3.89 13.74 1.75 10Z\" stroke=\"currentColor\" stroke-width=\"2.1\" stroke-linecap=\"round\" stroke-linejoin=\"round\"\/><circle cx=\"14\" cy=\"10\" r=\"3.2\" stroke=\"currentColor\" stroke-width=\"2.1\"\/><\/svg>                        <\/span>\n                    <\/span>\n                    <span class=\"evosys-tabs__mobile-select-label\" data-tab-mobile-label>Automobil<\/span>\n                    <span class=\"evosys-tabs__mobile-select-chevron\" aria-hidden=\"true\">\n                        <svg class=\"evosys-tabs__icon-svg evosys-tabs__icon-svg--arrow\" viewBox=\"0 0 20 20\" fill=\"none\" xmlns=\"http:\/\/www.w3.org\/2000\/svg\"><path d=\"M9.99805 4.53027L9.99805 15.4678\" stroke=\"currentColor\" stroke-width=\"2\" stroke-linecap=\"round\" stroke-linejoin=\"round\"\/><path d=\"M15.4668 9.99902L9.99805 15.4678L4.5293 9.99902\" stroke=\"currentColor\" stroke-width=\"2\" stroke-linecap=\"round\" stroke-linejoin=\"round\"\/><\/svg>\n                    <\/span>\n                <\/button>\n                <div class=\"evosys-tabs__mobile-select-menu\" role=\"listbox\" hidden data-tab-mobile-menu>\n                                            <button\n                            class=\"evosys-tabs__mobile-select-option is-active\"\n                            type=\"button\"\n                            role=\"option\"\n                            data-tab-mobile-option\n                            data-tab-index=\"0\"\n                            aria-selected=\"true\"\n                        >\n                            Automobil                        <\/button>\n                                            <button\n                            class=\"evosys-tabs__mobile-select-option\"\n                            type=\"button\"\n                            role=\"option\"\n                            data-tab-mobile-option\n                            data-tab-index=\"1\"\n                            aria-selected=\"false\"\n                        >\n                            Medizintechnik                        <\/button>\n                                            <button\n                            class=\"evosys-tabs__mobile-select-option\"\n                            type=\"button\"\n                            role=\"option\"\n                            data-tab-mobile-option\n                            data-tab-index=\"2\"\n                            aria-selected=\"false\"\n                        >\n                            Konsumg\u00fcter                        <\/button>\n                                    <\/div>\n            <\/div>\n\n            <div class=\"evosys-tabs__nav\" role=\"tablist\" aria-label=\"Die richtige L\u00f6sung f\u00fcr jeden Bedarf\">\n                                                        <button\n                        class=\"evosys-tabs__trigger is-active\"\n                        type=\"button\"\n                        role=\"tab\"\n                        aria-selected=\"true\"\n                        aria-controls=\"evosys-tab-panel-block_97d93cc06c48eb7419258ff743079fd1-0\"\n                        id=\"evosys-tab-trigger-block_97d93cc06c48eb7419258ff743079fd1-0\"\n                        data-tab-trigger\n                        data-tab-index=\"0\"\n                    >\n                        <span class=\"evosys-tabs__trigger-icon evosys-toggle-button\" aria-hidden=\"true\">\n                            <span class=\"evosys-tabs__trigger-icon-inner evosys-tabs__trigger-icon-inner--arrow\">\n                                <svg class=\"evosys-tabs__icon-svg evosys-tabs__icon-svg--arrow\" viewBox=\"0 0 20 20\" fill=\"none\" xmlns=\"http:\/\/www.w3.org\/2000\/svg\" aria-hidden=\"true\"><path d=\"M5 10.4688L15.9375 10.4688\" stroke=\"currentColor\" stroke-width=\"2\" stroke-linecap=\"round\" stroke-linejoin=\"round\"\/><path d=\"M10.4688 5L15.9375 10.4688L10.4687 15.9375\" stroke=\"currentColor\" stroke-width=\"2\" stroke-linecap=\"round\" stroke-linejoin=\"round\"\/><\/svg>                            <\/span>\n                            <span class=\"evosys-tabs__trigger-icon-inner evosys-tabs__trigger-icon-inner--eye\">\n                                <svg class=\"evosys-tabs__icon-svg evosys-tabs__icon-svg--eye\" viewBox=\"0 0 28 20\" fill=\"none\" xmlns=\"http:\/\/www.w3.org\/2000\/svg\" aria-hidden=\"true\"><path d=\"M1.75 10C3.89 6.26 8.29 3.75 14 3.75C19.71 3.75 24.11 6.26 26.25 10C24.11 13.74 19.71 16.25 14 16.25C8.29 16.25 3.89 13.74 1.75 10Z\" stroke=\"currentColor\" stroke-width=\"2.1\" stroke-linecap=\"round\" stroke-linejoin=\"round\"\/><circle cx=\"14\" cy=\"10\" r=\"3.2\" stroke=\"currentColor\" stroke-width=\"2.1\"\/><\/svg>                            <\/span>\n                        <\/span>\n                        <span class=\"evosys-tabs__trigger-copy\">\n                            <span class=\"evosys-tabs__trigger-title\">Automobil<\/span>\n                                                            <span class=\"evosys-tabs__trigger-text\">Evosys ist auf das Laser-Kunststoffschwei\u00dfen f\u00fcr den Automobilsektor spezialisiert und erm\u00f6glicht pr\u00e4zise und langlebige Bauteilverbindungen.<\/span>\n                                                    <\/span>\n                    <\/button>\n                                                        <button\n                        class=\"evosys-tabs__trigger\"\n                        type=\"button\"\n                        role=\"tab\"\n                        aria-selected=\"false\"\n                        aria-controls=\"evosys-tab-panel-block_97d93cc06c48eb7419258ff743079fd1-1\"\n                        id=\"evosys-tab-trigger-block_97d93cc06c48eb7419258ff743079fd1-1\"\n                        data-tab-trigger\n                        data-tab-index=\"1\"\n                    >\n                        <span class=\"evosys-tabs__trigger-icon evosys-toggle-button\" aria-hidden=\"true\">\n                            <span class=\"evosys-tabs__trigger-icon-inner evosys-tabs__trigger-icon-inner--arrow\">\n                                <svg class=\"evosys-tabs__icon-svg evosys-tabs__icon-svg--arrow\" viewBox=\"0 0 20 20\" fill=\"none\" xmlns=\"http:\/\/www.w3.org\/2000\/svg\" aria-hidden=\"true\"><path d=\"M5 10.4688L15.9375 10.4688\" stroke=\"currentColor\" stroke-width=\"2\" stroke-linecap=\"round\" stroke-linejoin=\"round\"\/><path d=\"M10.4688 5L15.9375 10.4688L10.4687 15.9375\" stroke=\"currentColor\" stroke-width=\"2\" stroke-linecap=\"round\" stroke-linejoin=\"round\"\/><\/svg>                            <\/span>\n                            <span class=\"evosys-tabs__trigger-icon-inner evosys-tabs__trigger-icon-inner--eye\">\n                                <svg class=\"evosys-tabs__icon-svg evosys-tabs__icon-svg--eye\" viewBox=\"0 0 28 20\" fill=\"none\" xmlns=\"http:\/\/www.w3.org\/2000\/svg\" aria-hidden=\"true\"><path d=\"M1.75 10C3.89 6.26 8.29 3.75 14 3.75C19.71 3.75 24.11 6.26 26.25 10C24.11 13.74 19.71 16.25 14 16.25C8.29 16.25 3.89 13.74 1.75 10Z\" stroke=\"currentColor\" stroke-width=\"2.1\" stroke-linecap=\"round\" stroke-linejoin=\"round\"\/><circle cx=\"14\" cy=\"10\" r=\"3.2\" stroke=\"currentColor\" stroke-width=\"2.1\"\/><\/svg>                            <\/span>\n                        <\/span>\n                        <span class=\"evosys-tabs__trigger-copy\">\n                            <span class=\"evosys-tabs__trigger-title\">Medizintechnik<\/span>\n                                                            <span class=\"evosys-tabs__trigger-text\">Pr\u00e4zision z\u00e4hlt \u2013 Evosys Laser-Kunststoffschwei\u00dfen liefert makellose Ergebnisse f\u00fcr die Medizintechnikbranche.<\/span>\n                                                    <\/span>\n                    <\/button>\n                                                        <button\n                        class=\"evosys-tabs__trigger\"\n                        type=\"button\"\n                        role=\"tab\"\n                        aria-selected=\"false\"\n                        aria-controls=\"evosys-tab-panel-block_97d93cc06c48eb7419258ff743079fd1-2\"\n                        id=\"evosys-tab-trigger-block_97d93cc06c48eb7419258ff743079fd1-2\"\n                        data-tab-trigger\n                        data-tab-index=\"2\"\n                    >\n                        <span class=\"evosys-tabs__trigger-icon evosys-toggle-button\" aria-hidden=\"true\">\n                            <span class=\"evosys-tabs__trigger-icon-inner evosys-tabs__trigger-icon-inner--arrow\">\n                                <svg class=\"evosys-tabs__icon-svg evosys-tabs__icon-svg--arrow\" viewBox=\"0 0 20 20\" fill=\"none\" xmlns=\"http:\/\/www.w3.org\/2000\/svg\" aria-hidden=\"true\"><path d=\"M5 10.4688L15.9375 10.4688\" stroke=\"currentColor\" stroke-width=\"2\" stroke-linecap=\"round\" stroke-linejoin=\"round\"\/><path d=\"M10.4688 5L15.9375 10.4688L10.4687 15.9375\" stroke=\"currentColor\" stroke-width=\"2\" stroke-linecap=\"round\" stroke-linejoin=\"round\"\/><\/svg>                            <\/span>\n                            <span class=\"evosys-tabs__trigger-icon-inner evosys-tabs__trigger-icon-inner--eye\">\n                                <svg class=\"evosys-tabs__icon-svg evosys-tabs__icon-svg--eye\" viewBox=\"0 0 28 20\" fill=\"none\" xmlns=\"http:\/\/www.w3.org\/2000\/svg\" aria-hidden=\"true\"><path d=\"M1.75 10C3.89 6.26 8.29 3.75 14 3.75C19.71 3.75 24.11 6.26 26.25 10C24.11 13.74 19.71 16.25 14 16.25C8.29 16.25 3.89 13.74 1.75 10Z\" stroke=\"currentColor\" stroke-width=\"2.1\" stroke-linecap=\"round\" stroke-linejoin=\"round\"\/><circle cx=\"14\" cy=\"10\" r=\"3.2\" stroke=\"currentColor\" stroke-width=\"2.1\"\/><\/svg>                            <\/span>\n                        <\/span>\n                        <span class=\"evosys-tabs__trigger-copy\">\n                            <span class=\"evosys-tabs__trigger-title\">Konsumg\u00fcter<\/span>\n                                                    <\/span>\n                    <\/button>\n                            <\/div>\n\n        <\/div>\n\n        <div class=\"evosys-tabs__content-column\">\n                                            <div\n                    class=\"evosys-tabs__panel is-active\"\n                    id=\"evosys-tab-panel-block_97d93cc06c48eb7419258ff743079fd1-0\"\n                    role=\"tabpanel\"\n                    aria-labelledby=\"evosys-tab-trigger-block_97d93cc06c48eb7419258ff743079fd1-0\"\n                                        data-tab-panel\n                    data-tab-index=\"0\"\n                >\n                                            <div class=\"evosys-tabs__media-shell\" data-carousel>\n                            <div class=\"evosys-tabs__media-viewport\">\n                                <div class=\"evosys-tabs__media-track\" data-carousel-track style=\"--evosys-carousel-index: 0;\">\n                                                                            <figure class=\"evosys-tabs__image is-active\" data-carousel-slide>\n                                            <img decoding=\"async\" src=\"https:\/\/evosyslaser.com\/wp-content\/uploads\/2026\/03\/2015-12-22-Prinzipskizze.jpg\" alt=\"\">\n                                        <\/figure>\n                                                                    <\/div>\n                            <\/div>\n                        <\/div>\n\n                        <div class=\"evosys-tabs__panel-controls is-hidden\">\n                            <button class=\"evosys-tabs__control evosys-control-button evosys-tabs__control--prev evosys-control-button--prev\" type=\"button\" aria-label=\"Vorheriges Bild\" data-carousel-prev>\n                                <svg class=\"evosys-tabs__icon-svg evosys-tabs__icon-svg--arrow\" viewBox=\"0 0 20 20\" fill=\"none\" xmlns=\"http:\/\/www.w3.org\/2000\/svg\" aria-hidden=\"true\"><path d=\"M15 10.4688L4.0625 10.4688\" stroke=\"currentColor\" stroke-width=\"2\" stroke-linecap=\"round\" stroke-linejoin=\"round\"\/><path d=\"M9.53125 5L4.0625 10.4688L9.5313 15.9375\" stroke=\"currentColor\" stroke-width=\"2\" stroke-linecap=\"round\" stroke-linejoin=\"round\"\/><\/svg>                            <\/button>\n                            <button class=\"evosys-tabs__control evosys-control-button evosys-tabs__control--next evosys-control-button--next\" type=\"button\" aria-label=\"Naechstes Bild\" data-carousel-next>\n                                <svg class=\"evosys-tabs__icon-svg evosys-tabs__icon-svg--arrow\" viewBox=\"0 0 20 20\" fill=\"none\" xmlns=\"http:\/\/www.w3.org\/2000\/svg\" aria-hidden=\"true\"><path d=\"M5 10.4688L15.9375 10.4688\" stroke=\"currentColor\" stroke-width=\"2\" stroke-linecap=\"round\" stroke-linejoin=\"round\"\/><path d=\"M10.4688 5L15.9375 10.4688L10.4687 15.9375\" stroke=\"currentColor\" stroke-width=\"2\" stroke-linecap=\"round\" stroke-linejoin=\"round\"\/><\/svg>                            <\/button>\n                        <\/div>\n                    \n                    <div class=\"evosys-tabs__panel-copy\">\n                                                    <div class=\"evosys-copy evosys-copy--dark\"><p>Evosys liefert pr\u00e4zise Laser-Kunststoffschwei\u00dfl\u00f6sungen, die auf den Automobilsektor zugeschnitten sind. Unsere Technologie gew\u00e4hrleistet langlebige, hochfeste Verbindungen f\u00fcr komplexe Bauteile und erm\u00f6glicht gleichzeitig eine effiziente, kontaminationsfreie Produktion. Durch die Unterst\u00fctzung komplexer Teilegeometrien und die Hochgeschwindigkeitsmontage helfen wir Automobilherstellern, zuverl\u00e4ssige Leistung und eine verbesserte Produktionseffizienz zu erzielen.<\/p>\n<\/div>\n                        \n                                                    <a class=\"evosys-inline-link evosys-tabs__panel-link\" href=\"https:\/\/evosyslaser.com\/industries\/automotive\/\" target=\"_self\">\n                                Weitere Informationen                            <\/a>\n                                            <\/div>\n                <\/div>\n                                            <div\n                    class=\"evosys-tabs__panel has-no-media\"\n                    id=\"evosys-tab-panel-block_97d93cc06c48eb7419258ff743079fd1-1\"\n                    role=\"tabpanel\"\n                    aria-labelledby=\"evosys-tab-trigger-block_97d93cc06c48eb7419258ff743079fd1-1\"\n                    hidden                    data-tab-panel\n                    data-tab-index=\"1\"\n                >\n                    \n                    <div class=\"evosys-tabs__panel-copy\">\n                                                    <div class=\"evosys-copy evosys-copy--dark\"><p>Unsere Laserschwei\u00dftechnologie gew\u00e4hrleistet hochzuverl\u00e4ssige, kontaminationsfreie Verbindungen f\u00fcr medizinische Ger\u00e4te und erf\u00fcllt dabei strenge Industriestandards. Sie erm\u00f6glicht komplexe Geometrien und Komponenten im Mikroma\u00dfstab, die f\u00fcr diagnostische, therapeutische und implantierbare Produkte unerl\u00e4sslich sind. Mit konstanter Wiederholgenauigkeit und minimaler thermischer Belastung helfen wir Herstellern, die Produktintegrit\u00e4t und Patientensicherheit zu gew\u00e4hrleisten. Dieser Prozess unterst\u00fctzt zudem eine effiziente, skalierbare Produktion und kombiniert Pr\u00e4zision mit Produktivit\u00e4t f\u00fcr den sich entwickelnden Medizintechnikmarkt.<\/p>\n<\/div>\n                        \n                                                    <a class=\"evosys-inline-link evosys-tabs__panel-link\" href=\"https:\/\/evosyslaser.com\/industries\/medtech\/\" target=\"_self\">\n                                Weitere Informationen                            <\/a>\n                                            <\/div>\n                <\/div>\n                                            <div\n                    class=\"evosys-tabs__panel has-no-media\"\n                    id=\"evosys-tab-panel-block_97d93cc06c48eb7419258ff743079fd1-2\"\n                    role=\"tabpanel\"\n                    aria-labelledby=\"evosys-tab-trigger-block_97d93cc06c48eb7419258ff743079fd1-2\"\n                    hidden                    data-tab-panel\n                    data-tab-index=\"2\"\n                >\n                    \n                    <div class=\"evosys-tabs__panel-copy\">\n                        \n                                            <\/div>\n                <\/div>\n                    <\/div>\n    <\/div>\n<\/section>\n<section class=\"evosys-block evosys-section evosys-benefits\">\n    \n    <\/section>\n","protected":false},"excerpt":{"rendered":"","protected":false},"author":2,"featured_media":0,"parent":0,"menu_order":0,"comment_status":"closed","ping_status":"closed","template":"","meta":{"_acf_changed":false,"footnotes":""},"class_list":["post-128","page","type-page","status-publish","hentry"],"acf":[],"_links":{"self":[{"href":"https:\/\/evosyslaser.com\/de\/wp-json\/wp\/v2\/pages\/128","targetHints":{"allow":["GET"]}}],"collection":[{"href":"https:\/\/evosyslaser.com\/de\/wp-json\/wp\/v2\/pages"}],"about":[{"href":"https:\/\/evosyslaser.com\/de\/wp-json\/wp\/v2\/types\/page"}],"author":[{"embeddable":true,"href":"https:\/\/evosyslaser.com\/de\/wp-json\/wp\/v2\/users\/2"}],"replies":[{"embeddable":true,"href":"https:\/\/evosyslaser.com\/de\/wp-json\/wp\/v2\/comments?post=128"}],"version-history":[{"count":1,"href":"https:\/\/evosyslaser.com\/de\/wp-json\/wp\/v2\/pages\/128\/revisions"}],"predecessor-version":[{"id":133,"href":"https:\/\/evosyslaser.com\/de\/wp-json\/wp\/v2\/pages\/128\/revisions\/133"}],"wp:attachment":[{"href":"https:\/\/evosyslaser.com\/de\/wp-json\/wp\/v2\/media?parent=128"}],"curies":[{"name":"wp","href":"https:\/\/api.w.org\/{rel}","templated":true}]}}